{"id":6542,"date":"2024-08-14T12:22:19","date_gmt":"2024-08-14T12:22:19","guid":{"rendered":"https:\/\/bibliopera.test.ku.edu.tr\/salt\/"},"modified":"2024-11-27T05:34:44","modified_gmt":"2024-11-27T05:34:44","slug":"salt","status":"publish","type":"page","link":"https:\/\/bibliopera.org\/en\/salt\/","title":{"rendered":"SALT"},"content":{"rendered":"\t\t<div data-elementor-type=\"wp-page\" data-elementor-id=\"6542\" class=\"elementor elementor-6542 elementor-5920\">\n\t\t\t\t<div class=\"elementor-element elementor-element-3632fe09 e-flex e-con-boxed e-con e-parent\" data-id=\"3632fe09\" data-element_type=\"container\">\n\t\t\t\t\t<div class=\"e-con-inner\">\n\t\t<div class=\"elementor-element elementor-element-dca8bc8 e-con-full e-flex e-con e-child\" data-id=\"dca8bc8\" data-element_type=\"container\">\n\t\t\t\t<div class=\"elementor-element elementor-element-562335e elementor-widget elementor-widget-heading\" data-id=\"562335e\" data-element_type=\"widget\" data-widget_type=\"heading.default\">\n\t\t\t\t<div class=\"elementor-widget-container\">\n\t\t\t\t\t<h3 class=\"elementor-heading-title elementor-size-default\">Salt Research<\/h3>\t\t\t\t<\/div>\n\t\t\t\t<\/div>\n\t\t\t\t<div class=\"elementor-element elementor-element-18fa9650 elementor-widget elementor-widget-text-editor\" data-id=\"18fa9650\" data-element_type=\"widget\" data-widget_type=\"text-editor.default\">\n\t\t\t\t<div class=\"elementor-widget-container\">\n\t\t\t\t\t\t\t\t\t<p>Salt Research comprises a specialized library and an archive of physical and digital sources and documents on visual practices, the built environment, social life and economic history.<\/p>\n<p>Collections at Salt Research focus on the period from the late 19th century to the present day with an emphasis on Turkey -primarily Istanbul- and the geographies of the Southeast Mediterranean and Southeast Europe. The collections include visual and textual sources and documents on the art history of Turkey post 1950, the development of architecture and design in Turkey since the beginning of the 20th century, and the transformations in society and the region from the last century of the Ottoman Empire to the Turkish Republic up until the 1990s. These are all accessible from saltresearch.org. Publications, including books and periodicals, are available for research at Salt Research.<\/p>\n<p>Physical documents held by Salt Research are preserved in professional archival storage with light, temperature and humidity controlled conditions.<\/p>\n\t\t\t\t\t\t\t\t<\/div>\n\t\t\t\t<\/div>\n\t\t\t\t<\/div>\n\t\t\t\t\t<\/div>\n\t\t\t\t<\/div>\n\t\t<div class=\"elementor-element elementor-element-7af2e30 e-flex e-con-boxed e-con e-parent\" data-id=\"7af2e30\" data-element_type=\"container\">\n\t\t\t\t\t<div class=\"e-con-inner\">\n\t\t<div class=\"elementor-element elementor-element-d853472 e-con-full e-flex e-con e-child\" data-id=\"d853472\" data-element_type=\"container\">\n\t\t\t\t<div class=\"elementor-element elementor-element-70a490a elementor-widget__width-initial elementor-widget elementor-widget-text-editor\" data-id=\"70a490a\" data-element_type=\"widget\" data-widget_type=\"text-editor.default\">\n\t\t\t\t<div class=\"elementor-widget-container\">\n\t\t\t\t\t\t\t\t\t<p>Salt Galata<br \/>\n<i>founded by<\/i>\u00a0Garanti BBVA<br \/>\nBankalar Caddesi 11<br \/>\nKarak\u00f6y 34420 \u0130stanbul &#8211; T\u00fcrkiye<br \/>\nT +90 212 334 22 00<br \/>\nSalt is free.<\/p>\n\t\t\t\t\t\t\t\t<\/div>\n\t\t\t\t<\/div>\n\t\t\t\t<\/div>\n\t\t<div class=\"elementor-element elementor-element-1339216 e-con-full e-flex e-con e-child\" data-id=\"1339216\" data-element_type=\"container\">\n\t\t\t\t<div class=\"elementor-element elementor-element-c6f64c2 elementor-widget__width-initial elementor-widget elementor-widget-text-editor\" data-id=\"c6f64c2\" data-element_type=\"widget\" data-widget_type=\"text-editor.default\">\n\t\t\t\t<div class=\"elementor-widget-container\">\n\t\t\t\t\t\t\t\t\t<p>Working Hours:<br \/>\nTuesday &#8211; Saturday 11.00-19.00<br \/>\n* Closed on the Eid and Greater Eid, and national holidays.<br \/>\nsalt.research@saltonline.org<\/p>\n\t\t\t\t\t\t\t\t<\/div>\n\t\t\t\t<\/div>\n\t\t\t\t<\/div>\n\t\t\t\t\t<\/div>\n\t\t\t\t<\/div>\n\t\t<div class=\"elementor-element elementor-element-d6b89b6 e-flex e-con-boxed e-con e-parent\" data-id=\"d6b89b6\" data-element_type=\"container\">\n\t\t\t\t\t<div class=\"e-con-inner\">\n\t\t\t\t\t<\/div>\n\t\t\t\t<\/div>\n\t\t\t\t<\/div>\n\t\t","protected":false},"excerpt":{"rendered":"<p>Salt Research Salt Research comprises a specialized library and an archive of physical and digital sources and documents on visual [&hellip;]<\/p>\n","protected":false},"author":3,"featured_media":0,"parent":0,"menu_order":0,"comment_status":"closed","ping_status":"closed","template":"","meta":{"om_disable_all_campaigns":false,"_monsterinsights_skip_tracking":false,"_monsterinsights_sitenote_active":false,"_monsterinsights_sitenote_note":"","_monsterinsights_sitenote_category":0,"footnotes":""},"class_list":["post-6542","page","type-page","status-publish","hentry"],"aioseo_notices":[],"_links":{"self":[{"href":"https:\/\/bibliopera.org\/en\/wp-json\/wp\/v2\/pages\/6542","targetHints":{"allow":["GET"]}}],"collection":[{"href":"https:\/\/bibliopera.org\/en\/wp-json\/wp\/v2\/pages"}],"about":[{"href":"https:\/\/bibliopera.org\/en\/wp-json\/wp\/v2\/types\/page"}],"author":[{"embeddable":true,"href":"https:\/\/bibliopera.org\/en\/wp-json\/wp\/v2\/users\/3"}],"replies":[{"embeddable":true,"href":"https:\/\/bibliopera.org\/en\/wp-json\/wp\/v2\/comments?post=6542"}],"version-history":[{"count":4,"href":"https:\/\/bibliopera.org\/en\/wp-json\/wp\/v2\/pages\/6542\/revisions"}],"predecessor-version":[{"id":7549,"href":"https:\/\/bibliopera.org\/en\/wp-json\/wp\/v2\/pages\/6542\/revisions\/7549"}],"wp:attachment":[{"href":"https:\/\/bibliopera.org\/en\/wp-json\/wp\/v2\/media?parent=6542"}],"curies":[{"name":"wp","href":"https:\/\/api.w.org\/{rel}","templated":true}]}}