{"id":6533,"date":"2024-08-14T12:03:48","date_gmt":"2024-08-14T12:03:48","guid":{"rendered":"https:\/\/bibliopera.test.ku.edu.tr\/ifea\/"},"modified":"2024-11-27T05:13:27","modified_gmt":"2024-11-27T05:13:27","slug":"ifea","status":"publish","type":"page","link":"https:\/\/bibliopera.org\/en\/ifea\/","title":{"rendered":"IFEA"},"content":{"rendered":"\t\t<div data-elementor-type=\"wp-page\" data-elementor-id=\"6533\" class=\"elementor elementor-6533 elementor-5890\">\n\t\t\t\t<div class=\"elementor-element elementor-element-771b9252 e-flex e-con-boxed e-con e-parent\" data-id=\"771b9252\" data-element_type=\"container\">\n\t\t\t\t\t<div class=\"e-con-inner\">\n\t\t<div class=\"elementor-element elementor-element-4b7a1fd1 e-con-full e-flex e-con e-child\" data-id=\"4b7a1fd1\" data-element_type=\"container\">\n\t\t\t\t<div class=\"elementor-element elementor-element-75d1239c elementor-widget elementor-widget-image\" data-id=\"75d1239c\" data-element_type=\"widget\" data-widget_type=\"image.default\">\n\t\t\t\t<div class=\"elementor-widget-container\">\n\t\t\t\t\t\t\t\t\t\t\t\t\t\t\t<img fetchpriority=\"high\" decoding=\"async\" width=\"660\" height=\"623\" src=\"https:\/\/bibliopera.org\/wp-content\/uploads\/2024\/08\/ifea-1024x967.png\" class=\"attachment-large size-large wp-image-5893\" alt=\"\" srcset=\"https:\/\/bibliopera.org\/wp-content\/uploads\/2024\/08\/ifea-1024x967.png 1024w, https:\/\/bibliopera.org\/wp-content\/uploads\/2024\/08\/ifea-300x283.png 300w, https:\/\/bibliopera.org\/wp-content\/uploads\/2024\/08\/ifea-768x725.png 768w, https:\/\/bibliopera.org\/wp-content\/uploads\/2024\/08\/ifea.png 1111w\" sizes=\"(max-width: 660px) 100vw, 660px\" \/>\t\t\t\t\t\t\t\t\t\t\t\t\t\t\t<\/div>\n\t\t\t\t<\/div>\n\t\t\t\t<div class=\"elementor-element elementor-element-cca2455 elementor-widget elementor-widget-text-editor\" data-id=\"cca2455\" data-element_type=\"widget\" data-widget_type=\"text-editor.default\">\n\t\t\t\t<div class=\"elementor-widget-container\">\n\t\t\t\t\t\t\t\t\t<p><span style=\"font-family: Segoe UI;\">Frans\u0131z Saray\u0131<\/span><br \/>\nNur-i Ziya Sokak, 10 P.K.54<br \/>\nTR-34433<br \/>\nBeyoglu &#8211; Istanbul<br \/>\nT\u00dcRK\u0130YE<br \/>\nEmail :\u00a0<a href=\"mailto:ifea@ifea-istanbul.net\">ifea@ifea-istanbul.net<\/a><br \/>\nTel : +90 (0212).244.17.17<\/p>\n\t\t\t\t\t\t\t\t<\/div>\n\t\t\t\t<\/div>\n\t\t\t\t<\/div>\n\t\t<div class=\"elementor-element elementor-element-7ef70584 e-con-full e-flex e-con e-child\" data-id=\"7ef70584\" data-element_type=\"container\">\n\t\t\t\t<div class=\"elementor-element elementor-element-565e2620 elementor-widget elementor-widget-heading\" data-id=\"565e2620\" data-element_type=\"widget\" data-widget_type=\"heading.default\">\n\t\t\t\t<div class=\"elementor-widget-container\">\n\t\t\t\t\t<h3 class=\"elementor-heading-title elementor-size-default\">Institut Fran\u00e7ais d\u2019\u00c9tudes Anatoliennes  (IFEA)<\/h3>\t\t\t\t<\/div>\n\t\t\t\t<\/div>\n\t\t\t\t<div class=\"elementor-element elementor-element-4170e936 elementor-widget elementor-widget-text-editor\" data-id=\"4170e936\" data-element_type=\"widget\" data-widget_type=\"text-editor.default\">\n\t\t\t\t<div class=\"elementor-widget-container\">\n\t\t\t\t\t\t\t\t\t<p>Towards the end of the 19th century, the French Embassy\u2019s translation office was situated at the current IFEA\u2019s currently location. Later, in 1930, the IFEA was originally founded as the French Archaeological Institute in Istanbul. Researches at the IFEA expanded up to turcology. And the institution became French Institute of Anatolian Studies in 1975. The IFEA aims to bring together European and Turkish researchers from various disciplines of social sciences, working on subjects related to Turkey. The IFEA hosts three main study units: archeology, history and contemporary studies. Researches at the IFEA cover a wide geographical area, stretching from Europe&#8217;s eastern border to Central Asia; as well as a wide chronology, from prehistory till the rise of the Turkish nation-state. New research observatories came up at the IFEA, especially towards the end of the 1980s, such as the observatory of the political life in Turkey (OVIPOT) and Istanbul Urban Observatory (OUI). Considering that the IFEA\u2019s founder Albert Gabriel who was both architect and archaeologist, the OUI follows today institute\u2019s urban studies tradition. The observatory collects data on contemporary Istanbul and other Turkish cities, welcomes young researchers within the frame of internships and organizes urban excursions. These outings help to follow urban development locally, multiply the connections and collect photographs, documentation and interviews. Monitoring is carried out on environmental, heritage and migration issues, as well as on major projects and urban transformation policies.<\/p>\n<p>The institute\u2019s library, houses various collections with a total of 40,000 documents, including 700 journals. These funds were set up in the course of the acquisitions from famous booksellers-publishers but also thanks to many donations. The library has a large collection of books devoted to archaeology in Asia Minor but also to the history of the Ottoman Empire and contemporary Turkey, since the 1970s. A large collection of books on Byzantine, Balkan and Turkish art and architecture is available at the library. The library also has 300 books of travels. Some of them date back to the 18th century. In the 1990s, a system of exchanges was set up with different institutions and universities. In the early 2000s, the catalogue system got computerized and is now available online. Different digitization projects have been recently launched in collaboration with French State Library as well as with RCAC Ko\u00e7. The IFEA also launches sponsorship campaigns in order to preserve its institutional heritage and to restore old and valuable documents in the library. On the IFEA\u2019s website, a researcher from the institute monthly proposes a theme in relation with his\/her own research. These short texts are followed by a bibliography which points out the available sources at the library (<a href=\"http:\/\/www.ifea-istanbul.net\/\"><u>www.ifea-istanbul.net<\/u><\/a>).<\/p>\n<p>The IFEA\u2019s map collection was created in 2003 in order to manage rich and rare cartographic sources. The collection gathers more than 1500 original maps, including a large part of the 19th and early 20th centuries, precious atlases, and numerous digitized maps. A catalogue is being developed, and the most valuable documents are digitized after restoration (thanks to sponsorship). Acquisitions, inventory, restoration, exchanges, exhibitions and publications projects allow to enhance these collections. Thematic maps can also be created, just as the first map presenting Istanbul\u2019s cultural heritage, within the frame of &#8220;European Capital of Culture&#8221; events in 2010.<\/p>\n\t\t\t\t\t\t\t\t<\/div>\n\t\t\t\t<\/div>\n\t\t\t\t<\/div>\n\t\t\t\t\t<\/div>\n\t\t\t\t<\/div>\n\t\t<div class=\"elementor-element elementor-element-8a6b2b7 e-flex e-con-boxed e-con e-parent\" data-id=\"8a6b2b7\" data-element_type=\"container\">\n\t\t\t\t\t<div class=\"e-con-inner\">\n\t\t\t\t<div class=\"elementor-element elementor-element-c462ed9 elementor-widget elementor-widget-text-editor\" data-id=\"c462ed9\" data-element_type=\"widget\" data-widget_type=\"text-editor.default\">\n\t\t\t\t<div class=\"elementor-widget-container\">\n\t\t\t\t\t\t\t\t\t<p><strong>It is open by appointment from Monday to Friday, from 9.00 am to 13.00 pm and from 14.00 pm to 17.00 pm.<\/strong><\/p><p><strong>Ask the Librarian:<\/strong><\/p><p><strong>For information and appointment contact: <\/strong><a href=\"mailto:bibliotheque@ifea-istanbul.net\">bibliotheque@ifea-istanbul.net<\/a><\/p><p><strong>Librarian:<\/strong> \u00dcmit Sevgi Topuz<\/p><p><strong>Tel: <\/strong>0212 244 17 17 extension: 115<\/p><p><strong>History<\/strong><\/p><p>The IFEA library was founded in 1931 and houses more than 50,000 items, including 700 periodicals. The library has an extensive collection of works covering the archaeology of Asia Minor and, since the 1970s, the Ottoman Empire, contemporary Turkish history, Byzantine, Balkan, urban studies, Turkish art and architecture.<\/p><p><strong>Some collections<\/strong><\/p><p><a href=\"https:\/\/www.ifea-istanbul.net\/images\/stories\/bibliotheque\/fonds\/fonds_voyageurs_%C4%B0FEA.xls\">Travellers&#8217; collection<\/a><\/p><p>The \u2018travelogue\u2019 collection of about 500 books, some dating back to the 18th century, is one of the most important riches of the library.<\/p><p><strong>Maps<\/strong><\/p><p>There is also a large <a href=\"https:\/\/www.ifea-istanbul.net\/index.php\/fr\/cartes-et-plans\">collection of old maps<\/a> and city plans (Istanbul, Izmir, etc.) produced on the initiative of insurance companies.<\/p><p><a href=\"https:\/\/www.ifea-istanbul.net\/index.php\/fr\/accueil-bibliotheque\/description-des-collections\/92-ifea-g-n-ral\/ifea-ressources\/bibliotheque-fonds\/2315-fonds-la-garde-antoine-escalin\">Escalin collection<\/a><\/p><p>The library has received a valuable collection of copies of documents, mainly from various French departmental archives and the BnF, on <strong>La Garde Antoine Escalin<\/strong>, general of the galleys and \u2018ambassador\u2019 to the Ottoman Porte under Soliman between 1541 and 1547.<\/p><p><a href=\"https:\/\/www.ifea-istanbul.net\/index.php\/fr\/accueil-bibliotheque\/description-des-collections\/53-ifea-g-n-ral\/ifea-ressources\/bibliotheque-g-n-ral\/1324-fonds-jean-pierre-thieck\">Jean-Pierre Thieck collection<\/a><\/p><p>This donation, comprising around three hundred works in the social sciences, political science and linguistics, was part of Jean-Pierre Thieck&#8217;s personal library.<\/p><p>\u00a0<\/p><p><a href=\"https:\/\/www.ifea-istanbul.net\/index.php\/fr\/accueil-bibliotheque\/description-des-collections\/53-ifea-g-n-ral\/ifea-ressources\/bibliotheque-g-n-ral\/196-pr-sentation-du-fonds-y-rasimos\">Yerasimos Fund<\/a><\/p><p>When St\u00e9phane Yerasimos came to the IFEA as director in 1994, he donated about 600 books and periodicals covering the First World War from Turkish and Greek sources.<\/p>\t\t\t\t\t\t\t\t<\/div>\n\t\t\t\t<\/div>\n\t\t\t\t\t<\/div>\n\t\t\t\t<\/div>\n\t\t<div class=\"elementor-element elementor-element-49f0230 e-flex e-con-boxed e-con e-parent\" data-id=\"49f0230\" data-element_type=\"container\">\n\t\t\t\t\t<div class=\"e-con-inner\">\n\t\t\t\t\t<\/div>\n\t\t\t\t<\/div>\n\t\t\t\t<\/div>\n\t\t","protected":false},"excerpt":{"rendered":"<p>Frans\u0131z Saray\u0131 Nur-i Ziya Sokak, 10 P.K.54 TR-34433 Beyoglu &#8211; Istanbul T\u00dcRK\u0130YE Email :\u00a0ifea@ifea-istanbul.net Tel : +90 (0212).244.17.17 Institut Fran\u00e7ais [&hellip;]<\/p>\n","protected":false},"author":3,"featured_media":0,"parent":0,"menu_order":0,"comment_status":"closed","ping_status":"closed","template":"","meta":{"om_disable_all_campaigns":false,"_monsterinsights_skip_tracking":false,"_monsterinsights_sitenote_active":false,"_monsterinsights_sitenote_note":"","_monsterinsights_sitenote_category":0,"footnotes":""},"class_list":["post-6533","page","type-page","status-publish","hentry"],"aioseo_notices":[],"_links":{"self":[{"href":"https:\/\/bibliopera.org\/en\/wp-json\/wp\/v2\/pages\/6533","targetHints":{"allow":["GET"]}}],"collection":[{"href":"https:\/\/bibliopera.org\/en\/wp-json\/wp\/v2\/pages"}],"about":[{"href":"https:\/\/bibliopera.org\/en\/wp-json\/wp\/v2\/types\/page"}],"author":[{"embeddable":true,"href":"https:\/\/bibliopera.org\/en\/wp-json\/wp\/v2\/users\/3"}],"replies":[{"embeddable":true,"href":"https:\/\/bibliopera.org\/en\/wp-json\/wp\/v2\/comments?post=6533"}],"version-history":[{"count":7,"href":"https:\/\/bibliopera.org\/en\/wp-json\/wp\/v2\/pages\/6533\/revisions"}],"predecessor-version":[{"id":7507,"href":"https:\/\/bibliopera.org\/en\/wp-json\/wp\/v2\/pages\/6533\/revisions\/7507"}],"wp:attachment":[{"href":"https:\/\/bibliopera.org\/en\/wp-json\/wp\/v2\/media?parent=6533"}],"curies":[{"name":"wp","href":"https:\/\/api.w.org\/{rel}","templated":true}]}}