{"id":6531,"date":"2024-08-14T12:00:44","date_gmt":"2024-08-14T12:00:44","guid":{"rendered":"https:\/\/bibliopera.test.ku.edu.tr\/iae\/"},"modified":"2024-09-25T08:21:28","modified_gmt":"2024-09-25T08:21:28","slug":"iae","status":"publish","type":"page","link":"https:\/\/bibliopera.org\/en\/iae\/","title":{"rendered":"IAE"},"content":{"rendered":"\t\t<div data-elementor-type=\"wp-page\" data-elementor-id=\"6531\" class=\"elementor elementor-6531 elementor-5877\">\n\t\t\t\t<div class=\"elementor-element elementor-element-2b4e1caf e-flex e-con-boxed e-con e-parent\" data-id=\"2b4e1caf\" data-element_type=\"container\">\n\t\t\t\t\t<div class=\"e-con-inner\">\n\t\t<div class=\"elementor-element elementor-element-10619d01 e-con-full e-flex e-con e-child\" data-id=\"10619d01\" data-element_type=\"container\">\n\t\t\t\t<div class=\"elementor-element elementor-element-13afd6f7 elementor-widget elementor-widget-image\" data-id=\"13afd6f7\" data-element_type=\"widget\" data-widget_type=\"image.default\">\n\t\t\t\t<div class=\"elementor-widget-container\">\n\t\t\t\t\t\t\t\t\t\t\t\t\t\t\t<img fetchpriority=\"high\" decoding=\"async\" width=\"510\" height=\"768\" src=\"https:\/\/bibliopera.org\/wp-content\/uploads\/2024\/08\/iae.jpg\" class=\"attachment-large size-large wp-image-5879\" alt=\"\" srcset=\"https:\/\/bibliopera.org\/wp-content\/uploads\/2024\/08\/iae.jpg 510w, https:\/\/bibliopera.org\/wp-content\/uploads\/2024\/08\/iae-199x300.jpg 199w\" sizes=\"(max-width: 510px) 100vw, 510px\" \/>\t\t\t\t\t\t\t\t\t\t\t\t\t\t\t<\/div>\n\t\t\t\t<\/div>\n\t\t\t\t<\/div>\n\t\t<div class=\"elementor-element elementor-element-1fea8341 e-con-full e-flex e-con e-child\" data-id=\"1fea8341\" data-element_type=\"container\">\n\t\t\t\t<div class=\"elementor-element elementor-element-4c311a37 elementor-widget elementor-widget-heading\" data-id=\"4c311a37\" data-element_type=\"widget\" data-widget_type=\"heading.default\">\n\t\t\t\t<div class=\"elementor-widget-container\">\n\t\t\t\t\t<h3 class=\"elementor-heading-title elementor-size-default\">\u0130stanbul Research Institute (IAE)<\/h3>\t\t\t\t<\/div>\n\t\t\t\t<\/div>\n\t\t\t\t<div class=\"elementor-element elementor-element-5f0ecef1 elementor-widget elementor-widget-text-editor\" data-id=\"5f0ecef1\" data-element_type=\"widget\" data-widget_type=\"text-editor.default\">\n\t\t\t\t<div class=\"elementor-widget-container\">\n\t\t\t\t\t\t\t\t\t<p>As manifested through Pera Museum founded in 2005, \u0130stanbul Research Institute is the second significant step in the wide spectrum of culture and arts projects Suna and \u0130nan K\u0131ra\u00e7 Foundation has pioneered since its establishment in 2003, in the fields of culture, arts, education and healthcare.<\/p>\n<p>The renowned capital of Roman, Byzantine and Ottoman civilizations, \u0130stanbul is the foremost starting point in discovering its identity as a megalopolis, or &#8220;mega city,&#8221; shaped over thousands of years, as well as in exploring the diverse cultural geographies surrounding the city. Therefore, \u0130stanbul Research Institute follows the traces of civilization from the center towards the periphery, focusing on the cultural structure and the human profile, including Byzantine, Ottoman and the Republican periods of the \u0130stanbul. In doing so, the Institute aims as its main targets, to develop and support projects in light of these relevant research areas and to organize local and international conferences and other activities, consequently sharing the results with relevant institutions and the public through the media. The Institute aspires to realize its main objectives through the programs of the Byzantine, Ottoman and Republic Studies Sections its holds.<\/p>\n<p>\u0130stanbul Research Institute continues to exist within the premises of a historical building constructed in Tepeba\u015f\u0131 by renowned architect Guglielmo Semprini in the 19th century. Aside from its &#8220;Gallery,&#8221; designed to carry the exhibitions the establishment produces, and the &#8220;Atat\u00fcrk and Republic Studies&#8221; Ottoman Studies&#8221; and &#8220;Byzantine Studies&#8221; sections, the institute houses a library accessible to the public, as well as an Information-Documentation Center. Through these sub-divisions, \u0130RI is designed a research institution, which strives to represent \u0130stanbul impeccably on an international platform, while upholding contemporary scientific criteria.<\/p>\n\t\t\t\t\t\t\t\t<\/div>\n\t\t\t\t<\/div>\n\t\t\t\t<\/div>\n\t\t\t\t\t<\/div>\n\t\t\t\t<\/div>\n\t\t<div class=\"elementor-element elementor-element-e8ada6f e-flex e-con-boxed e-con e-parent\" data-id=\"e8ada6f\" data-element_type=\"container\">\n\t\t\t\t\t<div class=\"e-con-inner\">\n\t\t\t\t<div class=\"elementor-element elementor-element-558de07 elementor-widget elementor-widget-text-editor\" data-id=\"558de07\" data-element_type=\"widget\" data-widget_type=\"text-editor.default\">\n\t\t\t\t<div class=\"elementor-widget-container\">\n\t\t\t\t\t\t\t\t\t<div class=\"col-sm-3 col-xs-3 column col-md-7\">\n<div class=\"ge-content ge-content-type-summernote\" data-ge-content-type=\"summernote\"><b>Web:\u00a0<\/b><a href=\"http:\/\/iae.org.tr\/\" target=\"_blank\" rel=\"noopener\">iae.org.tr<\/a><\/div>\n<\/div>\n<div class=\"col-sm-3 col-xs-3 column col-md-7\">\n<div class=\"ge-content ge-content-type-summernote\" data-ge-content-type=\"summernote\"><b>Blog:<\/b>\u00a0<a href=\"http:\/\/blog.iae.org.tr\/\" target=\"_blank\" rel=\"noopener\">blog.iae.org.tr<\/a><\/div>\n<\/div>\n<div class=\"col-sm-3 col-xs-3 column col-md-7\">\n<div class=\"ge-content ge-content-type-summernote\" data-ge-content-type=\"summernote\"><b>Twitter:<\/b>\u00a0<a href=\"https:\/\/twitter.com\/Ist_Arast_Enst\">https:\/\/twitter.com\/Ist_Arast_Enst<\/a><\/div>\n<\/div>\n<div class=\"col-sm-3 col-xs-3 column col-md-7\">\n<div class=\"ge-content ge-content-type-summernote\" data-ge-content-type=\"summernote\"><b>Facebook:\u00a0<\/b><a href=\"http:\/\/www.facebook.com\/IstanbulArastirmalariEnstitusu\" target=\"_blank\" rel=\"noopener\">www.facebook.com\/IstanbulArastirmalariEnstitusu<\/a><\/div>\n<\/div>\n\t\t\t\t\t\t\t\t<\/div>\n\t\t\t\t<\/div>\n\t\t\t\t\t<\/div>\n\t\t\t\t<\/div>\n\t\t\t\t<\/div>\n\t\t","protected":false},"excerpt":{"rendered":"<p>\u0130stanbul Research Institute (IAE) As manifested through Pera Museum founded in 2005, \u0130stanbul Research Institute is the second significant step [&hellip;]<\/p>\n","protected":false},"author":3,"featured_media":0,"parent":0,"menu_order":0,"comment_status":"closed","ping_status":"closed","template":"","meta":{"om_disable_all_campaigns":false,"_monsterinsights_skip_tracking":false,"_monsterinsights_sitenote_active":false,"_monsterinsights_sitenote_note":"","_monsterinsights_sitenote_category":0,"footnotes":""},"class_list":["post-6531","page","type-page","status-publish","hentry"],"aioseo_notices":[],"_links":{"self":[{"href":"https:\/\/bibliopera.org\/en\/wp-json\/wp\/v2\/pages\/6531","targetHints":{"allow":["GET"]}}],"collection":[{"href":"https:\/\/bibliopera.org\/en\/wp-json\/wp\/v2\/pages"}],"about":[{"href":"https:\/\/bibliopera.org\/en\/wp-json\/wp\/v2\/types\/page"}],"author":[{"embeddable":true,"href":"https:\/\/bibliopera.org\/en\/wp-json\/wp\/v2\/users\/3"}],"replies":[{"embeddable":true,"href":"https:\/\/bibliopera.org\/en\/wp-json\/wp\/v2\/comments?post=6531"}],"version-history":[{"count":2,"href":"https:\/\/bibliopera.org\/en\/wp-json\/wp\/v2\/pages\/6531\/revisions"}],"predecessor-version":[{"id":6661,"href":"https:\/\/bibliopera.org\/en\/wp-json\/wp\/v2\/pages\/6531\/revisions\/6661"}],"wp:attachment":[{"href":"https:\/\/bibliopera.org\/en\/wp-json\/wp\/v2\/media?parent=6531"}],"curies":[{"name":"wp","href":"https:\/\/api.w.org\/{rel}","templated":true}]}}