{"id":6525,"date":"2024-07-31T13:50:17","date_gmt":"2024-07-31T13:50:17","guid":{"rendered":"https:\/\/bibliopera.test.ku.edu.tr\/digital-collections\/"},"modified":"2025-02-21T11:35:18","modified_gmt":"2025-02-21T11:35:18","slug":"digital-collections","status":"publish","type":"page","link":"https:\/\/bibliopera.org\/en\/digital-collections\/","title":{"rendered":"Digital Collections"},"content":{"rendered":"\t\t<div data-elementor-type=\"wp-page\" data-elementor-id=\"6525\" class=\"elementor elementor-6525 elementor-5770\">\n\t\t\t\t<div class=\"elementor-element elementor-element-1afa626 e-flex e-con-boxed e-con e-parent\" data-id=\"1afa626\" data-element_type=\"container\">\n\t\t\t\t\t<div class=\"e-con-inner\">\n\t\t<div class=\"elementor-element elementor-element-1aa43579 e-con-full e-flex e-con e-child\" data-id=\"1aa43579\" data-element_type=\"container\">\n\t\t\t\t<div class=\"elementor-element elementor-element-692263ed elementor-widget elementor-widget-image\" data-id=\"692263ed\" data-element_type=\"widget\" data-widget_type=\"image.default\">\n\t\t\t\t<div class=\"elementor-widget-container\">\n\t\t\t\t\t\t\t\t\t\t\t\t\t\t\t<img fetchpriority=\"high\" decoding=\"async\" width=\"255\" height=\"355\" src=\"https:\/\/bibliopera.org\/wp-content\/uploads\/2024\/08\/indir-1.jpg\" class=\"attachment-large size-large wp-image-6103\" alt=\"\" srcset=\"https:\/\/bibliopera.org\/wp-content\/uploads\/2024\/08\/indir-1.jpg 255w, https:\/\/bibliopera.org\/wp-content\/uploads\/2024\/08\/indir-1-215x300.jpg 215w\" sizes=\"(max-width: 255px) 100vw, 255px\" \/>\t\t\t\t\t\t\t\t\t\t\t\t\t\t\t<\/div>\n\t\t\t\t<\/div>\n\t\t\t\t<\/div>\n\t\t<div class=\"elementor-element elementor-element-7e066537 e-con-full e-flex e-con e-child\" data-id=\"7e066537\" data-element_type=\"container\">\n\t\t\t\t<div class=\"elementor-element elementor-element-56b53dff elementor-widget elementor-widget-text-editor\" data-id=\"56b53dff\" data-element_type=\"widget\" data-widget_type=\"text-editor.default\">\n\t\t\t\t<div class=\"elementor-widget-container\">\n\t\t\t\t\t\t\t\t\t<p><strong><a href=\"https:\/\/librarydigitalcollections.ku.edu.tr\/en\/\" target=\"_blank\" rel=\"noopener\">Ko\u00e7 University Digital Collections<\/a><\/strong><\/p><p>Digital Collections portal is a recent \u00a0initiative of Ko\u00e7 University Suna K\u0131ra\u00e7 Library. Thousands of images, complete set of University\u2019s theses and dissertations and yearbooks from the Library collection are now available online from a single interface.<\/p><p>Digital Collections aim at providing \u00a0access to materials that demonstrate KU research, scholarship and history.<\/p><p>All materials are protected by copyright and generally for non-commercial educational use. Theses, Dissertations, and Institutional Repository are restricted to campus access only. The collections include:<\/p><p>Ko\u00e7 University Manuscript Collection; Josephine Powell Slide Collection; KU Theses and Dissertations; Ko\u00e7 University Institutional Repository; Ko\u00e7 University Kaleidoscope Collection; Hatice Gonnet-Ba\u011fana, Hittite Collection; VEKAM Locloud Collection; \u0130stanbul&#8217;un Sesleri &#8211; The Soundscape of Istanbul; Ankara Harita ve Plan Ar\u015fivi &#8211; Ankara Map and Plan Collection; Ankara Ba\u011f Evi Koleksiyonu &#8211; Ankara Vineyard House Collection; Ankara Foto\u011fraf ve Kartpostal Ar\u015fivi &#8211; Ankara Photograph, Postcard and Engraving; Sounds of The Rahmi M. Ko\u00e7 Museum &#8211; Echoes of Industrial Legacy; Ankara Ta\u015f\u0131nmaz K\u00fclt\u00fcr Varl\u0131klar\u0131 &#8211; Ankara Immovable Cultural Property; Vehbi Ko\u00e7 Gazete Kup\u00fcrleri Koleksiyonu &#8211; Vehbi Ko\u00e7 Press Clippings Collection; Ulla Johansen Anatolian Ethnology Collection.<\/p><p><a href=\"https:\/\/librarydigitalcollections.ku.edu.tr\/en\/\" target=\"_blank\" rel=\"noopener\">https:\/\/librarydigitalcollections.ku.edu.tr\/<\/a><\/p>\t\t\t\t\t\t\t\t<\/div>\n\t\t\t\t<\/div>\n\t\t\t\t<\/div>\n\t\t\t\t\t<\/div>\n\t\t\t\t<\/div>\n\t\t<div class=\"elementor-element elementor-element-43df81b e-flex e-con-boxed e-con e-parent\" data-id=\"43df81b\" data-element_type=\"container\">\n\t\t\t\t\t<div class=\"e-con-inner\">\n\t\t<div class=\"elementor-element elementor-element-bf2fa2a e-con-full e-flex e-con e-child\" data-id=\"bf2fa2a\" data-element_type=\"container\">\n\t\t\t\t<div class=\"elementor-element elementor-element-87438cf elementor-widget elementor-widget-image\" data-id=\"87438cf\" data-element_type=\"widget\" data-widget_type=\"image.default\">\n\t\t\t\t<div class=\"elementor-widget-container\">\n\t\t\t\t\t\t\t\t\t\t\t\t\t\t\t<img decoding=\"async\" width=\"255\" height=\"321\" src=\"https:\/\/bibliopera.org\/wp-content\/uploads\/2024\/08\/indir-_1_-1.jpg\" class=\"attachment-large size-large wp-image-6102\" alt=\"\" srcset=\"https:\/\/bibliopera.org\/wp-content\/uploads\/2024\/08\/indir-_1_-1.jpg 255w, https:\/\/bibliopera.org\/wp-content\/uploads\/2024\/08\/indir-_1_-1-238x300.jpg 238w\" sizes=\"(max-width: 255px) 100vw, 255px\" \/>\t\t\t\t\t\t\t\t\t\t\t\t\t\t\t<\/div>\n\t\t\t\t<\/div>\n\t\t\t\t<\/div>\n\t\t<div class=\"elementor-element elementor-element-b53f931 e-con-full e-flex e-con e-child\" data-id=\"b53f931\" data-element_type=\"container\">\n\t\t\t\t<div class=\"elementor-element elementor-element-dec0fbd elementor-widget elementor-widget-text-editor\" data-id=\"dec0fbd\" data-element_type=\"widget\" data-widget_type=\"text-editor.default\">\n\t\t\t\t<div class=\"elementor-widget-container\">\n\t\t\t\t\t\t\t\t\t<p><a href=\"http:\/\/www.archives.saltresearch.org\/\" target=\"_blank\" rel=\"noopener\"><b>Salt Research Collections<\/b><\/a><b><\/b><\/p>\n<p>Records and sources at Salt Research focus on artistic production post 1960, the built environment, design, urbanism, and the economic and social history of the Ottoman Empire and Turkey. Museum standard physical archives are located at Salt Galata. Documents are preserved in light, temperature and humidity controlled archive spaces. Most of the collections are digitally available online. The collections include:<\/p>\n<p>Art Archives; Ottoman Bank Archive; Archive of Architecture and Design; Italian Embassy Archives; Saint Pierre Archive; World Council of Churches Archive; The Archive of Crete; French Press in the Ottoman Empire; American Board of Commissioners for Foreign Missions; Institut Fran\u00e7ais d&#8217;Etudes Anatoliennes (IFEA) Archive; Households and Family Papers; Sabiha R\u00fc\u015ft\u00fc Bozcal\u0131 Archive; Miscellaneous.<\/p>\n<p><a href=\"http:\/\/www.archives.saltresearch.org\/\">http:\/\/www.archives.saltresearch.org<\/a><\/p>\n\t\t\t\t\t\t\t\t<\/div>\n\t\t\t\t<\/div>\n\t\t\t\t<\/div>\n\t\t\t\t\t<\/div>\n\t\t\t\t<\/div>\n\t\t<div class=\"elementor-element elementor-element-4a49b05 e-flex e-con-boxed e-con e-parent\" data-id=\"4a49b05\" data-element_type=\"container\">\n\t\t\t\t\t<div class=\"e-con-inner\">\n\t\t<div class=\"elementor-element elementor-element-320c3d7 e-con-full e-flex e-con e-child\" data-id=\"320c3d7\" data-element_type=\"container\">\n\t\t\t\t<div class=\"elementor-element elementor-element-6b99a82 elementor-widget elementor-widget-image\" data-id=\"6b99a82\" data-element_type=\"widget\" data-widget_type=\"image.default\">\n\t\t\t\t<div class=\"elementor-widget-container\">\n\t\t\t\t\t\t\t\t\t\t\t\t\t\t\t<img decoding=\"async\" width=\"313\" height=\"341\" src=\"https:\/\/bibliopera.org\/wp-content\/uploads\/2024\/08\/indir-_2_.jpg\" class=\"attachment-large size-large wp-image-6104\" alt=\"\" srcset=\"https:\/\/bibliopera.org\/wp-content\/uploads\/2024\/08\/indir-_2_.jpg 313w, https:\/\/bibliopera.org\/wp-content\/uploads\/2024\/08\/indir-_2_-275x300.jpg 275w\" sizes=\"(max-width: 313px) 100vw, 313px\" \/>\t\t\t\t\t\t\t\t\t\t\t\t\t\t\t<\/div>\n\t\t\t\t<\/div>\n\t\t\t\t<\/div>\n\t\t<div class=\"elementor-element elementor-element-9f06398 e-con-full e-flex e-con e-child\" data-id=\"9f06398\" data-element_type=\"container\">\n\t\t\t\t<div class=\"elementor-element elementor-element-4e69857 elementor-widget elementor-widget-text-editor\" data-id=\"4e69857\" data-element_type=\"widget\" data-widget_type=\"text-editor.default\">\n\t\t\t\t<div class=\"elementor-widget-container\">\n\t\t\t\t\t\t\t\t\t<p style=\"font-weight: 400;\"><b><strong><a href=\"http:\/\/en.iae.org.tr\/\">Istanbul Research Institute Collections<\/a><\/strong><\/b><\/p>\n<p style=\"font-weight: 400;\">The library of Istanbul Research Institute consists of the Suna and \u0130nan K\u0131ra\u00e7 Foundation Photography Collection and the \u015eevket Rado Manuscript Collection. The Ataturk and Republican Period Photography Collection contains over 100,000 photographs documenting the recent history of the Republic of Turkey until the 1960s. The Old Istanbul Photographs Collection is a wide selection of photographs by prominent photographers of the period or anonymous travelers documenting the history, architecture, and daily life of Istanbul going back to the 1850s. 130 sheets of the Jacques Pervititch insurance maps, 31 sheets of Suat Nirven insurance maps, 1083 sheets of music scores autographed by C\u00fcneyd Orhon, and over 400 posters have also been digitized as part of the Photography Collection.<\/p>\n<p style=\"font-weight: 400;\">The \u015eevket Rado Manuscript Collection consists of more than 1000 digitized manuscripts. Along with manuscripts obtained from various sources over the years, these books constitute an essential collection regarding the history of Istanbul as well as the numerous cultures throughout the vast geographical region covered by the Ottoman Empire.<\/p>\n<p style=\"font-weight: 400;\"><a href=\"http:\/\/en.iae.org.tr\/\">http:\/\/en.iae.org.tr\/<\/a><\/p>\n\t\t\t\t\t\t\t\t<\/div>\n\t\t\t\t<\/div>\n\t\t\t\t<\/div>\n\t\t\t\t\t<\/div>\n\t\t\t\t<\/div>\n\t\t<div class=\"elementor-element elementor-element-2a6dc6f e-flex e-con-boxed e-con e-parent\" data-id=\"2a6dc6f\" data-element_type=\"container\">\n\t\t\t\t\t<div class=\"e-con-inner\">\n\t\t<div class=\"elementor-element elementor-element-7fc7461 e-con-full e-flex e-con e-child\" data-id=\"7fc7461\" data-element_type=\"container\">\n\t\t\t\t<div class=\"elementor-element elementor-element-a53e39e elementor-widget elementor-widget-image\" data-id=\"a53e39e\" data-element_type=\"widget\" data-widget_type=\"image.default\">\n\t\t\t\t<div class=\"elementor-widget-container\">\n\t\t\t\t\t\t\t\t\t\t\t\t\t\t\t<img loading=\"lazy\" decoding=\"async\" width=\"600\" height=\"375\" src=\"https:\/\/bibliopera.org\/wp-content\/uploads\/2024\/08\/indir.png\" class=\"attachment-large size-large wp-image-6105\" alt=\"\" srcset=\"https:\/\/bibliopera.org\/wp-content\/uploads\/2024\/08\/indir.png 600w, https:\/\/bibliopera.org\/wp-content\/uploads\/2024\/08\/indir-300x188.png 300w\" sizes=\"(max-width: 600px) 100vw, 600px\" \/>\t\t\t\t\t\t\t\t\t\t\t\t\t\t\t<\/div>\n\t\t\t\t<\/div>\n\t\t\t\t<\/div>\n\t\t<div class=\"elementor-element elementor-element-a03760f e-con-full e-flex e-con e-child\" data-id=\"a03760f\" data-element_type=\"container\">\n\t\t\t\t<div class=\"elementor-element elementor-element-1e5d783 elementor-widget elementor-widget-text-editor\" data-id=\"1e5d783\" data-element_type=\"widget\" data-widget_type=\"text-editor.default\">\n\t\t\t\t<div class=\"elementor-widget-container\">\n\t\t\t\t\t\t\t\t\t<p><a href=\"http:\/\/srii.se\/Jarring\/\" target=\"_blank\" rel=\"noopener\"><span style=\"color: #666666; font-family: Arial;\"><strong>Swedish Research Institute Istanbul\u00a0<\/strong><b><\/b><\/span><span style=\"color: #666666; font-family: Arial;\"><b>The Gunnar Jarring Collection<\/b><\/span><\/a><\/p><p>The Gunnar Jarring Collection of Central Eurasia publications consists of almost 5000 volumes \u2013 mostly printed books from the 19th\u00b7and 20th\u00b7centuries but also manuscripts, catalogues and maps as well as more than 3000 offprints, most of which were signed by their authors with dedication inscriptions to their colleague and friend, Ambassador or Professor Jarring. Besides the travelogues and related literature, linguistic treatises and dictionaries for a great number of languages can be found in the collection, as well as books on history, religion, literature and several other disciplines.<\/p><p>The Gunnar Jarring Central Eurasia Collection is part of a digitization project with initial funding from the Swedish foundation Riksbankens Jubileumsfond (2011\u20132014). This project is conducted in cooperation with the Sven Hedin Foundation at the Royal Swedish Academy of Sciences and at a global level with the International Dunhuang Project (IDP) \u2013 a network for the coordination of databases for collections from the Eastern Silk Road. Rare and fragile manuscripts and printed matters as well as other objects, such as photos, maps and drawings in the Jarring Collection at the Swedish Research Institute in Istanbul (SRII) have been digitized for storage and presented on this website.<\/p><p><a href=\"https:\/\/eur03.safelinks.protection.outlook.com\/?url=https%3A%2F%2Fwww.jarringlibrary.lingfil.uu.se%2F&amp;data=05%7C01%7CIRUNAL%40ku.edu.tr%7C6d0b44c2430c40d6a75408db672b3b20%7C2ae2e2458e8d4036856fbf6abd255644%7C0%7C0%7C638217207588478960%7CUnknown%7CTWFpbGZsb3d8eyJWIjoiMC4wLjAwMDAiLCJQIjoiV2luMzIiLCJBTiI6Ik1haWwiLCJXVCI6Mn0%3D%7C3000%7C%7C%7C&amp;sdata=tvC0sICiBX7IhHJnfHB%2BNTnqJWYKnDoP%2F6VO2aGuKQs%3D&amp;reserved=0\">https:\/\/www.jarringlibrary.lingfil.uu.se\/<\/a><\/p>\t\t\t\t\t\t\t\t<\/div>\n\t\t\t\t<\/div>\n\t\t\t\t<\/div>\n\t\t\t\t\t<\/div>\n\t\t\t\t<\/div>\n\t\t<div class=\"elementor-element elementor-element-55457c6 e-flex e-con-boxed e-con e-parent\" data-id=\"55457c6\" data-element_type=\"container\">\n\t\t\t\t\t<div class=\"e-con-inner\">\n\t\t<div class=\"elementor-element elementor-element-22dd894 e-con-full e-flex e-con e-child\" data-id=\"22dd894\" data-element_type=\"container\">\n\t\t\t\t<div class=\"elementor-element elementor-element-f3216f0 elementor-widget elementor-widget-image\" data-id=\"f3216f0\" data-element_type=\"widget\" data-widget_type=\"image.default\">\n\t\t\t\t<div class=\"elementor-widget-container\">\n\t\t\t\t\t\t\t\t\t\t\t\t\t\t\t<img loading=\"lazy\" decoding=\"async\" width=\"660\" height=\"544\" src=\"https:\/\/bibliopera.org\/wp-content\/uploads\/2024\/11\/ARIT-Annex-Amerikan-Bord-Koleksiyonu.jpg\" class=\"attachment-large size-large wp-image-7310\" alt=\"\" srcset=\"https:\/\/bibliopera.org\/wp-content\/uploads\/2024\/11\/ARIT-Annex-Amerikan-Bord-Koleksiyonu.jpg 1000w, https:\/\/bibliopera.org\/wp-content\/uploads\/2024\/11\/ARIT-Annex-Amerikan-Bord-Koleksiyonu-300x247.jpg 300w, https:\/\/bibliopera.org\/wp-content\/uploads\/2024\/11\/ARIT-Annex-Amerikan-Bord-Koleksiyonu-768x633.jpg 768w\" sizes=\"(max-width: 660px) 100vw, 660px\" \/>\t\t\t\t\t\t\t\t\t\t\t\t\t\t\t<\/div>\n\t\t\t\t<\/div>\n\t\t\t\t<\/div>\n\t\t<div class=\"elementor-element elementor-element-5e108b1 e-con-full e-flex e-con e-child\" data-id=\"5e108b1\" data-element_type=\"container\">\n\t\t\t\t<div class=\"elementor-element elementor-element-560961f elementor-widget elementor-widget-text-editor\" data-id=\"560961f\" data-element_type=\"widget\" data-widget_type=\"text-editor.default\">\n\t\t\t\t<div class=\"elementor-widget-container\">\n\t\t\t\t\t\t\t\t\t<p><strong>ARIT \u0130stanbul Digital Library<\/strong><\/p><p>You can access the Archives of the American Board of Commissioners for Foreign Missions, as well as a number of their publications, journals, pamphlets, and ephemera, online.<\/p><p>ARIT is processing the Archives of American Board of Missions in collaboration with SALT Research in Beyo\u011flu.\u00a0 The archives are not physically accessible at present.\u00a0 A proportion of the documents appear in full text online through the\u00a0<strong>ARIT Istanbul Digital Library<\/strong>\u00a0at DLIR, and more through the host site at\u00a0<strong>SALT Research<\/strong>. The project is ongoing and ARIT and SALT post new material at regular intervals.<\/p><p><strong>To view the American Board Digital Library and Archives, please visit:<\/strong> <a href=\"https:\/\/aritweb.org\/istanbul\/istanbul-library\/\" target=\"_blank\" rel=\"noopener\">https:\/\/aritweb.org\/istanbul\/istanbul-library\/<\/a><\/p>\t\t\t\t\t\t\t\t<\/div>\n\t\t\t\t<\/div>\n\t\t\t\t<\/div>\n\t\t\t\t\t<\/div>\n\t\t\t\t<\/div>\n\t\t\t\t<\/div>\n\t\t","protected":false},"excerpt":{"rendered":"<p>Ko\u00e7 University Digital Collections Digital Collections portal is a recent \u00a0initiative of Ko\u00e7 University Suna K\u0131ra\u00e7 Library. Thousands of images, [&hellip;]<\/p>\n","protected":false},"author":3,"featured_media":0,"parent":0,"menu_order":0,"comment_status":"closed","ping_status":"closed","template":"","meta":{"om_disable_all_campaigns":false,"_monsterinsights_skip_tracking":false,"_monsterinsights_sitenote_active":false,"_monsterinsights_sitenote_note":"","_monsterinsights_sitenote_category":0,"footnotes":""},"class_list":["post-6525","page","type-page","status-publish","hentry"],"aioseo_notices":[],"_links":{"self":[{"href":"https:\/\/bibliopera.org\/en\/wp-json\/wp\/v2\/pages\/6525","targetHints":{"allow":["GET"]}}],"collection":[{"href":"https:\/\/bibliopera.org\/en\/wp-json\/wp\/v2\/pages"}],"about":[{"href":"https:\/\/bibliopera.org\/en\/wp-json\/wp\/v2\/types\/page"}],"author":[{"embeddable":true,"href":"https:\/\/bibliopera.org\/en\/wp-json\/wp\/v2\/users\/3"}],"replies":[{"embeddable":true,"href":"https:\/\/bibliopera.org\/en\/wp-json\/wp\/v2\/comments?post=6525"}],"version-history":[{"count":10,"href":"https:\/\/bibliopera.org\/en\/wp-json\/wp\/v2\/pages\/6525\/revisions"}],"predecessor-version":[{"id":8223,"href":"https:\/\/bibliopera.org\/en\/wp-json\/wp\/v2\/pages\/6525\/revisions\/8223"}],"wp:attachment":[{"href":"https:\/\/bibliopera.org\/en\/wp-json\/wp\/v2\/media?parent=6525"}],"curies":[{"name":"wp","href":"https:\/\/api.w.org\/{rel}","templated":true}]}}