{"id":6500,"date":"2024-08-14T11:34:05","date_gmt":"2024-08-14T11:34:05","guid":{"rendered":"https:\/\/bibliopera.test.ku.edu.tr\/the-cekul\/"},"modified":"2025-01-28T07:44:01","modified_gmt":"2025-01-28T07:44:01","slug":"the-cekul","status":"publish","type":"page","link":"https:\/\/bibliopera.org\/en\/the-cekul\/","title":{"rendered":"\u00c7EK\u00dcL"},"content":{"rendered":"\t\t<div data-elementor-type=\"wp-page\" data-elementor-id=\"6500\" class=\"elementor elementor-6500 elementor-5850\">\n\t\t\t\t<div class=\"elementor-element elementor-element-757a9c84 e-flex e-con-boxed e-con e-parent\" data-id=\"757a9c84\" data-element_type=\"container\">\n\t\t\t\t\t<div class=\"e-con-inner\">\n\t\t<div class=\"elementor-element elementor-element-6f88250a e-con-full e-flex e-con e-child\" data-id=\"6f88250a\" data-element_type=\"container\">\n\t\t\t\t<div class=\"elementor-element elementor-element-230f7736 elementor-widget elementor-widget-image\" data-id=\"230f7736\" data-element_type=\"widget\" data-widget_type=\"image.default\">\n\t\t\t\t<div class=\"elementor-widget-container\">\n\t\t\t\t\t\t\t\t\t\t\t\t\t\t\t<img fetchpriority=\"high\" decoding=\"async\" width=\"660\" height=\"440\" src=\"https:\/\/bibliopera.org\/wp-content\/uploads\/2024\/08\/cekul.jpg\" class=\"attachment-large size-large wp-image-5855\" alt=\"\" srcset=\"https:\/\/bibliopera.org\/wp-content\/uploads\/2024\/08\/cekul.jpg 800w, https:\/\/bibliopera.org\/wp-content\/uploads\/2024\/08\/cekul-300x200.jpg 300w, https:\/\/bibliopera.org\/wp-content\/uploads\/2024\/08\/cekul-768x512.jpg 768w\" sizes=\"(max-width: 660px) 100vw, 660px\" \/>\t\t\t\t\t\t\t\t\t\t\t\t\t\t\t<\/div>\n\t\t\t\t<\/div>\n\t\t\t\t<\/div>\n\t\t<div class=\"elementor-element elementor-element-71df1b8c e-con-full e-flex e-con e-child\" data-id=\"71df1b8c\" data-element_type=\"container\">\n\t\t\t\t<div class=\"elementor-element elementor-element-875302b elementor-widget elementor-widget-heading\" data-id=\"875302b\" data-element_type=\"widget\" data-widget_type=\"heading.default\">\n\t\t\t\t<div class=\"elementor-widget-container\">\n\t\t\t\t\t<h3 class=\"elementor-heading-title elementor-size-default\">The \u00c7EK\u00dcL Information and Documentation Centre<\/h3>\t\t\t\t<\/div>\n\t\t\t\t<\/div>\n\t\t\t\t<div class=\"elementor-element elementor-element-3b0f85e9 elementor-widget elementor-widget-text-editor\" data-id=\"3b0f85e9\" data-element_type=\"widget\" data-widget_type=\"text-editor.default\">\n\t\t\t\t<div class=\"elementor-widget-container\">\n\t\t\t\t\t\t\t\t\t<p>The Foundation for the Protection and Promotion of Environmental and Cultural Heritage (\u00c7EK\u00dcL) was established in 1990 as a non-governmental organization in order to protect the natural and cultural heritage of Turkey. \u00c7EK\u00dcL approaches \u201cnatural resources\u201d, \u201ccultural heritage\u201d and \u201chumanity\u201d holistically, developing projects on the scales of neighborhood -city-basin-region-country in order to build nation-wide awareness of and a network for the restoration and preservation of the urban and rural, built and natural environments.<\/p>\n<p>In line with this purpose, the \u00c7EK\u00dcL Information and Documentation Centre was created within the scope of \u00c7EK\u00dcL\u2019s Anatolian Research Center. It has become one of the leading reference centers in the field of environmental and cultural studies, offering expert archival, library, research, education and publication services in the areas of Turkey\u2019s natural, historical, architectural and cultural histories. The \u00c7EK\u00dcL Information and Documentation Center contains nearly 45,500 archived materials and is organized into four sections: the \u00c7ek\u00fcl Foundation Collection; the Respect to Sinan Library; the Urban Archive; and the Private Archive of Prof. Dr. Metin S\u00f6zen.<\/p>\n<p>Working Hours: Tuesday-Wednesday-Thursday 10.30-16.30<\/p>\n<p>Contact: <a href=\"mailto:arsiv@cekulvakfi.org.tr\">arsiv@cekulvakfi.org.tr<\/a> \/ 0212- 249 64 64<\/p>\n<p><a href=\"http:\/\/katalogtarama.cekulvakfi.org.tr\/\" target=\"_blank\" rel=\"noopener\">http:\/\/katalogtarama.cekulvakfi.org.tr\/<\/a><\/p>\n\t\t\t\t\t\t\t\t<\/div>\n\t\t\t\t<\/div>\n\t\t\t\t<\/div>\n\t\t\t\t\t<\/div>\n\t\t\t\t<\/div>\n\t\t<div class=\"elementor-element elementor-element-68f819e e-con-full e-flex e-con e-parent\" data-id=\"68f819e\" data-element_type=\"container\">\n\t\t\t\t<\/div>\n\t\t<div class=\"elementor-element elementor-element-689defb e-con-full e-flex e-con e-parent\" data-id=\"689defb\" data-element_type=\"container\">\n\t\t\t\t<\/div>\n\t\t\t\t<\/div>\n\t\t","protected":false},"excerpt":{"rendered":"<p>The \u00c7EK\u00dcL Information and Documentation Centre The Foundation for the Protection and Promotion of Environmental and Cultural Heritage (\u00c7EK\u00dcL) was [&hellip;]<\/p>\n","protected":false},"author":3,"featured_media":0,"parent":0,"menu_order":0,"comment_status":"closed","ping_status":"closed","template":"","meta":{"om_disable_all_campaigns":false,"_monsterinsights_skip_tracking":false,"_monsterinsights_sitenote_active":false,"_monsterinsights_sitenote_note":"","_monsterinsights_sitenote_category":0,"footnotes":""},"class_list":["post-6500","page","type-page","status-publish","hentry"],"aioseo_notices":[],"_links":{"self":[{"href":"https:\/\/bibliopera.org\/en\/wp-json\/wp\/v2\/pages\/6500","targetHints":{"allow":["GET"]}}],"collection":[{"href":"https:\/\/bibliopera.org\/en\/wp-json\/wp\/v2\/pages"}],"about":[{"href":"https:\/\/bibliopera.org\/en\/wp-json\/wp\/v2\/types\/page"}],"author":[{"embeddable":true,"href":"https:\/\/bibliopera.org\/en\/wp-json\/wp\/v2\/users\/3"}],"replies":[{"embeddable":true,"href":"https:\/\/bibliopera.org\/en\/wp-json\/wp\/v2\/comments?post=6500"}],"version-history":[{"count":10,"href":"https:\/\/bibliopera.org\/en\/wp-json\/wp\/v2\/pages\/6500\/revisions"}],"predecessor-version":[{"id":8153,"href":"https:\/\/bibliopera.org\/en\/wp-json\/wp\/v2\/pages\/6500\/revisions\/8153"}],"wp:attachment":[{"href":"https:\/\/bibliopera.org\/en\/wp-json\/wp\/v2\/media?parent=6500"}],"curies":[{"name":"wp","href":"https:\/\/api.w.org\/{rel}","templated":true}]}}