{"id":6496,"date":"2024-08-14T11:31:27","date_gmt":"2024-08-14T11:31:27","guid":{"rendered":"https:\/\/bibliopera.test.ku.edu.tr\/arter-library\/"},"modified":"2025-01-28T07:42:51","modified_gmt":"2025-01-28T07:42:51","slug":"arter-library","status":"publish","type":"page","link":"https:\/\/bibliopera.org\/en\/arter-library\/","title":{"rendered":"ARTER"},"content":{"rendered":"\t\t<div data-elementor-type=\"wp-page\" data-elementor-id=\"6496\" class=\"elementor elementor-6496 elementor-5843\">\n\t\t\t\t<div class=\"elementor-element elementor-element-3c9c1677 e-flex e-con-boxed e-con e-parent\" data-id=\"3c9c1677\" data-element_type=\"container\">\n\t\t\t\t\t<div class=\"e-con-inner\">\n\t\t<div class=\"elementor-element elementor-element-70b5c36b e-con-full e-flex e-con e-child\" data-id=\"70b5c36b\" data-element_type=\"container\">\n\t\t\t\t<div class=\"elementor-element elementor-element-1ffee871 elementor-widget elementor-widget-image\" data-id=\"1ffee871\" data-element_type=\"widget\" data-widget_type=\"image.default\">\n\t\t\t\t<div class=\"elementor-widget-container\">\n\t\t\t\t\t\t\t\t\t\t\t\t\t\t\t<img fetchpriority=\"high\" decoding=\"async\" width=\"473\" height=\"500\" src=\"https:\/\/bibliopera.org\/wp-content\/uploads\/2024\/08\/arter-kutuphanesi.jpg\" class=\"attachment-large size-large wp-image-5845\" alt=\"\" srcset=\"https:\/\/bibliopera.org\/wp-content\/uploads\/2024\/08\/arter-kutuphanesi.jpg 473w, https:\/\/bibliopera.org\/wp-content\/uploads\/2024\/08\/arter-kutuphanesi-284x300.jpg 284w\" sizes=\"(max-width: 473px) 100vw, 473px\" \/>\t\t\t\t\t\t\t\t\t\t\t\t\t\t\t<\/div>\n\t\t\t\t<\/div>\n\t\t\t\t<\/div>\n\t\t<div class=\"elementor-element elementor-element-3743fb24 e-con-full e-flex e-con e-child\" data-id=\"3743fb24\" data-element_type=\"container\">\n\t\t\t\t<div class=\"elementor-element elementor-element-5597c455 elementor-widget elementor-widget-text-editor\" data-id=\"5597c455\" data-element_type=\"widget\" data-widget_type=\"text-editor.default\">\n\t\t\t\t<div class=\"elementor-widget-container\">\n\t\t\t\t\t\t\t\t\t<p><strong><span class=\"TextRun SCXW84597147 BCX0\" lang=\"TR-TR\" data-contrast=\"none\"><span class=\"NormalTextRun SCXW84597147 BCX0\" data-ccp-charstyle=\"Strong\">Arter Library<\/span><\/span><\/strong><span class=\"TextRun SCXW84597147 BCX0\" lang=\"TR-TR\" data-contrast=\"none\"><span class=\"NormalTextRun SCXW84597147 BCX0\" data-ccp-parastyle=\"Normal (Web)\">\u202fis a <\/span><span class=\"NormalTextRun SpellingErrorV2Themed SCXW84597147 BCX0\" data-ccp-parastyle=\"Normal (Web)\">shared<\/span> <span class=\"NormalTextRun SpellingErrorV2Themed SCXW84597147 BCX0\" data-ccp-parastyle=\"Normal (Web)\">space<\/span> <span class=\"NormalTextRun SpellingErrorV2Themed SCXW84597147 BCX0\" data-ccp-parastyle=\"Normal (Web)\">that<\/span> <span class=\"NormalTextRun SpellingErrorV2Themed SCXW84597147 BCX0\" data-ccp-parastyle=\"Normal (Web)\">provides<\/span> <span class=\"NormalTextRun SCXW84597147 BCX0\" data-ccp-parastyle=\"Normal (Web)\">reference<\/span> <span class=\"NormalTextRun SpellingErrorV2Themed SCXW84597147 BCX0\" data-ccp-parastyle=\"Normal (Web)\">books<\/span><span class=\"NormalTextRun SCXW84597147 BCX0\" data-ccp-parastyle=\"Normal (Web)\"> on art, a <\/span><span class=\"NormalTextRun SpellingErrorV2Themed SCXW84597147 BCX0\" data-ccp-parastyle=\"Normal (Web)\">collection<\/span><span class=\"NormalTextRun SCXW84597147 BCX0\" data-ccp-parastyle=\"Normal (Web)\"> of <\/span><span class=\"NormalTextRun SpellingErrorV2Themed SCXW84597147 BCX0\" data-ccp-parastyle=\"Normal (Web)\">books<\/span> <span class=\"NormalTextRun SpellingErrorV2Themed SCXW84597147 BCX0\" data-ccp-parastyle=\"Normal (Web)\">constantly<\/span> <span class=\"NormalTextRun SpellingErrorV2Themed SCXW84597147 BCX0\" data-ccp-parastyle=\"Normal (Web)\">updated<\/span><span class=\"NormalTextRun SCXW84597147 BCX0\" data-ccp-parastyle=\"Normal (Web)\"> in <\/span><span class=\"NormalTextRun SpellingErrorV2Themed SCXW84597147 BCX0\" data-ccp-parastyle=\"Normal (Web)\">line<\/span> <span class=\"NormalTextRun SpellingErrorV2Themed SCXW84597147 BCX0\" data-ccp-parastyle=\"Normal (Web)\">with<\/span> <span class=\"NormalTextRun SpellingErrorV2Themed SCXW84597147 BCX0\" data-ccp-parastyle=\"Normal (Web)\">the<\/span> <span class=\"NormalTextRun SpellingErrorV2Themed SCXW84597147 BCX0\" data-ccp-parastyle=\"Normal (Web)\">exhibitions<\/span> <span class=\"NormalTextRun SpellingErrorV2Themed SCXW84597147 BCX0\" data-ccp-parastyle=\"Normal (Web)\">and<\/span> <span class=\"NormalTextRun SpellingErrorV2Themed SCXW84597147 BCX0\" data-ccp-parastyle=\"Normal (Web)\">events<\/span> <span class=\"NormalTextRun SpellingErrorV2Themed SCXW84597147 BCX0\" data-ccp-parastyle=\"Normal (Web)\">programmes<\/span><span class=\"NormalTextRun SCXW84597147 BCX0\" data-ccp-parastyle=\"Normal (Web)\">, <\/span><span class=\"NormalTextRun SpellingErrorV2Themed SCXW84597147 BCX0\" data-ccp-parastyle=\"Normal (Web)\">magazines<\/span><span class=\"NormalTextRun SCXW84597147 BCX0\" data-ccp-parastyle=\"Normal (Web)\">, <\/span><span class=\"NormalTextRun SpellingErrorV2Themed SCXW84597147 BCX0\" data-ccp-parastyle=\"Normal (Web)\">and<\/span> <span class=\"NormalTextRun SpellingErrorV2Themed SCXW84597147 BCX0\" data-ccp-parastyle=\"Normal (Web)\">access<\/span> <span class=\"NormalTextRun SpellingErrorV2Themed SCXW84597147 BCX0\" data-ccp-parastyle=\"Normal (Web)\">to<\/span> <span class=\"NormalTextRun SpellingErrorV2Themed SCXW84597147 BCX0\" data-ccp-parastyle=\"Normal (Web)\">electronic<\/span> <span class=\"NormalTextRun SpellingErrorV2Themed SCXW84597147 BCX0\" data-ccp-parastyle=\"Normal (Web)\">databases<\/span><span class=\"NormalTextRun SCXW84597147 BCX0\" data-ccp-parastyle=\"Normal (Web)\">.<\/span><\/span><span class=\"EOP SCXW84597147 BCX0\" data-ccp-props=\"{\">\u00a0<\/span><\/p>\n<p><span data-contrast=\"none\">Access to all events in the library is free of charge. Books can\u2019t be loaned.<\/span><span data-ccp-props=\"{\">\u00a0<\/span><\/p>\n<p><a href=\"https:\/\/www.jstor.org\/\"><b><span data-contrast=\"none\">JSTOR Multi-Discipline Archive Collection<\/span><\/b><\/a><span data-contrast=\"none\">\u202fdatabase membership can be accessed without a password from the library website anywhere inside the Arter building.<\/span><br \/>\n<span data-contrast=\"none\">All issues of Avalanche, A\u00e7 Yaz\u0131, Art-ist, Cabinet, Cogito, KaosGL, KaosQ, MuzikTexte, Sanat D\u00fcnyam\u0131z and Parkett periodicals are available in the library.<\/span><span data-ccp-props=\"{\">\u00a0<\/span><\/p>\n<p><a href=\"https:\/\/www.arter.org.tr\/library\"><span data-contrast=\"none\">https:\/\/www.arter.org.tr\/library<\/span><\/a><span data-ccp-props=\"{\">\u00a0<\/span><\/p>\n<p style=\"font-weight: 400;\"><b><span data-contrast=\"auto\">Contact<\/span><\/b><span data-ccp-props=\"{\">\u00a0<\/span><\/p>\n<p><span data-contrast=\"none\">Irmak Caddesi No:13 Dolapdere, Beyo\u011flu 34435 \u0130stanbul<\/span><span data-ccp-props=\"{\">\u00a0<\/span><\/p>\n<p><span data-contrast=\"auto\">PHONE: +90(212) 708 58 13<\/span><span data-ccp-props=\"{\">\u00a0<\/span><\/p>\n<p><span data-contrast=\"auto\">E-MAIL: <\/span><a href=\"mailto:kutuphane@arter.org.tr\"><span data-contrast=\"none\">kutuphane@arter.org.tr<\/span><\/a><span data-ccp-props=\"{\">\u00a0<\/span><\/p>\n<p style=\"font-weight: 400;\"><b><span data-contrast=\"none\">Working Hours<\/span><\/b><span data-ccp-props=\"{\">\u00a0<\/span><\/p>\n<p><span data-contrast=\"none\">Tuesday, Wednesday, Friday, Saturday and Sunday \/ 11.00 \u2013 19.00<\/span><span data-ccp-props=\"{\">\u00a0<\/span><\/p>\n<p><span data-contrast=\"none\">Thursday \/ 11.00 \u2013 20.00<\/span><span data-ccp-props=\"{\">\u00a0<\/span><\/p>\n<p><span data-contrast=\"none\">Arter is closed on Mondays.<\/span><span data-ccp-props=\"{\">\u00a0<\/span><\/p>\n\t\t\t\t\t\t\t\t<\/div>\n\t\t\t\t<\/div>\n\t\t\t\t<\/div>\n\t\t\t\t\t<\/div>\n\t\t\t\t<\/div>\n\t\t\t\t<\/div>\n\t\t","protected":false},"excerpt":{"rendered":"<p>Arter Library\u202fis a shared space that provides reference books on art, a collection of books constantly updated in line with [&hellip;]<\/p>\n","protected":false},"author":3,"featured_media":0,"parent":0,"menu_order":0,"comment_status":"closed","ping_status":"closed","template":"","meta":{"om_disable_all_campaigns":false,"_monsterinsights_skip_tracking":false,"_monsterinsights_sitenote_active":false,"_monsterinsights_sitenote_note":"","_monsterinsights_sitenote_category":0,"footnotes":""},"class_list":["post-6496","page","type-page","status-publish","hentry"],"aioseo_notices":[],"_links":{"self":[{"href":"https:\/\/bibliopera.org\/en\/wp-json\/wp\/v2\/pages\/6496","targetHints":{"allow":["GET"]}}],"collection":[{"href":"https:\/\/bibliopera.org\/en\/wp-json\/wp\/v2\/pages"}],"about":[{"href":"https:\/\/bibliopera.org\/en\/wp-json\/wp\/v2\/types\/page"}],"author":[{"embeddable":true,"href":"https:\/\/bibliopera.org\/en\/wp-json\/wp\/v2\/users\/3"}],"replies":[{"embeddable":true,"href":"https:\/\/bibliopera.org\/en\/wp-json\/wp\/v2\/comments?post=6496"}],"version-history":[{"count":2,"href":"https:\/\/bibliopera.org\/en\/wp-json\/wp\/v2\/pages\/6496\/revisions"}],"predecessor-version":[{"id":8152,"href":"https:\/\/bibliopera.org\/en\/wp-json\/wp\/v2\/pages\/6496\/revisions\/8152"}],"wp:attachment":[{"href":"https:\/\/bibliopera.org\/en\/wp-json\/wp\/v2\/media?parent=6496"}],"curies":[{"name":"wp","href":"https:\/\/api.w.org\/{rel}","templated":true}]}}