{"id":6494,"date":"2024-08-14T10:43:01","date_gmt":"2024-08-14T10:43:01","guid":{"rendered":"https:\/\/bibliopera.test.ku.edu.tr\/arit-istanbul\/"},"modified":"2025-02-21T11:51:45","modified_gmt":"2025-02-21T11:51:45","slug":"arit-istanbul","status":"publish","type":"page","link":"https:\/\/bibliopera.org\/en\/arit-istanbul\/","title":{"rendered":"ARIT &#8211; \u0130stanbul"},"content":{"rendered":"\t\t<div data-elementor-type=\"wp-page\" data-elementor-id=\"6494\" class=\"elementor elementor-6494 elementor-5808\">\n\t\t\t\t<div class=\"elementor-element elementor-element-0d9a02c e-flex e-con-boxed e-con e-parent\" data-id=\"0d9a02c\" data-element_type=\"container\">\n\t\t\t\t\t<div class=\"e-con-inner\">\n\t\t<div class=\"elementor-element elementor-element-908eb43 e-con-full e-flex e-con e-child\" data-id=\"908eb43\" data-element_type=\"container\">\n\t\t\t\t<div class=\"elementor-element elementor-element-f9e154c elementor-widget elementor-widget-image\" data-id=\"f9e154c\" data-element_type=\"widget\" data-widget_type=\"image.default\">\n\t\t\t\t<div class=\"elementor-widget-container\">\n\t\t\t\t\t\t\t\t\t\t\t\t\t\t\t<img fetchpriority=\"high\" decoding=\"async\" width=\"660\" height=\"495\" src=\"https:\/\/bibliopera.org\/wp-content\/uploads\/2024\/08\/arit-1024x768.jpg\" class=\"attachment-large size-large wp-image-6399\" alt=\"\" srcset=\"https:\/\/bibliopera.org\/wp-content\/uploads\/2024\/08\/arit-1024x768.jpg 1024w, https:\/\/bibliopera.org\/wp-content\/uploads\/2024\/08\/arit-300x225.jpg 300w, https:\/\/bibliopera.org\/wp-content\/uploads\/2024\/08\/arit-768x576.jpg 768w, https:\/\/bibliopera.org\/wp-content\/uploads\/2024\/08\/arit.jpg 1100w\" sizes=\"(max-width: 660px) 100vw, 660px\" \/>\t\t\t\t\t\t\t\t\t\t\t\t\t\t\t<\/div>\n\t\t\t\t<\/div>\n\t\t\t\t<\/div>\n\t\t<div class=\"elementor-element elementor-element-5ed9006 e-con-full e-flex e-con e-child\" data-id=\"5ed9006\" data-element_type=\"container\">\n\t\t\t\t<div class=\"elementor-element elementor-element-d04214e elementor-widget elementor-widget-heading\" data-id=\"d04214e\" data-element_type=\"widget\" data-widget_type=\"heading.default\">\n\t\t\t\t<div class=\"elementor-widget-container\">\n\t\t\t\t\t<h3 class=\"elementor-heading-title elementor-size-default\">The American Research Institute in Turkey (ARIT)\n<\/h3>\t\t\t\t<\/div>\n\t\t\t\t<\/div>\n\t\t\t\t<div class=\"elementor-element elementor-element-d0e7e8b elementor-widget elementor-widget-text-editor\" data-id=\"d0e7e8b\" data-element_type=\"widget\" data-widget_type=\"text-editor.default\">\n\t\t\t\t<div class=\"elementor-widget-container\">\n\t\t\t\t\t\t\t\t\t<p>Established in 1964, The American Research Institute in Turkey (ARIT) is a non-profit educational institution that promotes North American and Turkish research and exchanges related to Turkey in all fields of the humanities and social sciences.<\/p><p>\u00a0<\/p><p>The main library of ARIT\u2019s Istanbul branch contains approximately 10,000 monograph titles covering the Byzantine, Ottoman, and modern Turkish periods. The Byzantine collection, roughly 5,000 titles, was significantly enhanced by the gift of the library of Dr. H. Kenneth Snipes in 1997. (Location: Ko\u00e7 \u00dcniversitesi ANAMED)<\/p><p>\u00a0<\/p><p>ARIT Istanbul\u2019s second collection, the library of the former local office of the American Board of Commissioners for Foreign Missions, comprises about 1,500 monograph titles and a dozen journal titles. The collection also contains approximately 600 books and 150 journal volumes produced in the nineteenth and twentieth centuries by the ABCFM\u2019s publication department in Istanbul. (Location: Kemanke\u015f Cad. Frans\u0131z Ge\u00e7idi \u0130\u015f Merkezi C Blok No: 39 Karak\u00f6y)<\/p>\t\t\t\t\t\t\t\t<\/div>\n\t\t\t\t<\/div>\n\t\t\t\t<\/div>\n\t\t\t\t\t<\/div>\n\t\t\t\t<\/div>\n\t\t<div class=\"elementor-element elementor-element-f041c6d e-flex e-con-boxed e-con e-parent\" data-id=\"f041c6d\" data-element_type=\"container\">\n\t\t\t\t\t<div class=\"e-con-inner\">\n\t\t\t\t<div class=\"elementor-element elementor-element-1a7c754 elementor-widget elementor-widget-image-gallery\" data-id=\"1a7c754\" data-element_type=\"widget\" data-widget_type=\"image-gallery.default\">\n\t\t\t\t<div class=\"elementor-widget-container\">\n\t\t\t\t\t\t\t<div class=\"elementor-image-gallery\">\n\t\t\t<div id='gallery-1' class='gallery galleryid-6494 gallery-columns-3 gallery-size-educrat-course-list'><figure class='gallery-item'>\n\t\t\t<div class='gallery-icon landscape'>\n\t\t\t\t<a data-elementor-open-lightbox=\"yes\" data-elementor-lightbox-slideshow=\"1a7c754\" data-elementor-lightbox-title=\"ARIT-Fellowships\" data-e-action-hash=\"#elementor-action%3Aaction%3Dlightbox%26settings%3DeyJpZCI6NzMxMiwidXJsIjoiaHR0cHM6XC9cL2JpYmxpb3BlcmEub3JnXC93cC1jb250ZW50XC91cGxvYWRzXC8yMDI0XC8xMVwvQVJJVC1GZWxsb3dzaGlwcy5qcGciLCJzbGlkZXNob3ciOiIxYTdjNzU0In0%3D\" href='https:\/\/bibliopera.org\/wp-content\/uploads\/2024\/11\/ARIT-Fellowships.jpg'><img decoding=\"async\" width=\"435\" height=\"330\" src=\"https:\/\/bibliopera.org\/wp-content\/uploads\/2024\/11\/ARIT-Fellowships-435x330.jpg\" class=\"attachment-educrat-course-list size-educrat-course-list\" alt=\"\" \/><\/a>\n\t\t\t<\/div><\/figure><figure class='gallery-item'>\n\t\t\t<div class='gallery-icon landscape'>\n\t\t\t\t<a data-elementor-open-lightbox=\"yes\" data-elementor-lightbox-slideshow=\"1a7c754\" data-elementor-lightbox-title=\"ARIT-Annex---Amerikan-Bord-Koleksiyonu\" data-e-action-hash=\"#elementor-action%3Aaction%3Dlightbox%26settings%3DeyJpZCI6NzMxMCwidXJsIjoiaHR0cHM6XC9cL2JpYmxpb3BlcmEub3JnXC93cC1jb250ZW50XC91cGxvYWRzXC8yMDI0XC8xMVwvQVJJVC1Bbm5leC1BbWVyaWthbi1Cb3JkLUtvbGVrc2l5b251LmpwZyIsInNsaWRlc2hvdyI6IjFhN2M3NTQifQ%3D%3D\" href='https:\/\/bibliopera.org\/wp-content\/uploads\/2024\/11\/ARIT-Annex-Amerikan-Bord-Koleksiyonu.jpg'><img decoding=\"async\" width=\"435\" height=\"330\" src=\"https:\/\/bibliopera.org\/wp-content\/uploads\/2024\/11\/ARIT-Annex-Amerikan-Bord-Koleksiyonu-435x330.jpg\" class=\"attachment-educrat-course-list size-educrat-course-list\" alt=\"\" \/><\/a>\n\t\t\t<\/div><\/figure><figure class='gallery-item'>\n\t\t\t<div class='gallery-icon landscape'>\n\t\t\t\t<a data-elementor-open-lightbox=\"yes\" data-elementor-lightbox-slideshow=\"1a7c754\" data-elementor-lightbox-title=\"ARIT-Main-Library-Collection-at-ANAMED\" data-e-action-hash=\"#elementor-action%3Aaction%3Dlightbox%26settings%3DeyJpZCI6NzMwOCwidXJsIjoiaHR0cHM6XC9cL2JpYmxpb3BlcmEub3JnXC93cC1jb250ZW50XC91cGxvYWRzXC8yMDI0XC8xMVwvQVJJVC1NYWluLUxpYnJhcnktQ29sbGVjdGlvbi1hdC1BTkFNRUQuanBnIiwic2xpZGVzaG93IjoiMWE3Yzc1NCJ9\" href='https:\/\/bibliopera.org\/wp-content\/uploads\/2024\/11\/ARIT-Main-Library-Collection-at-ANAMED.jpg'><img loading=\"lazy\" decoding=\"async\" width=\"435\" height=\"330\" src=\"https:\/\/bibliopera.org\/wp-content\/uploads\/2024\/11\/ARIT-Main-Library-Collection-at-ANAMED-435x330.jpg\" class=\"attachment-educrat-course-list size-educrat-course-list\" alt=\"\" \/><\/a>\n\t\t\t<\/div><\/figure>\n\t\t<\/div>\n\t\t<\/div>\n\t\t\t\t\t\t<\/div>\n\t\t\t\t<\/div>\n\t\t\t\t\t<\/div>\n\t\t\t\t<\/div>\n\t\t<div class=\"elementor-element elementor-element-8783a52 e-flex e-con-boxed e-con e-parent\" data-id=\"8783a52\" data-element_type=\"container\">\n\t\t\t\t\t<div class=\"e-con-inner\">\n\t\t\t\t\t<\/div>\n\t\t\t\t<\/div>\n\t\t\t\t<\/div>\n\t\t","protected":false},"excerpt":{"rendered":"<p>The American Research Institute in Turkey (ARIT) Established in 1964, The American Research Institute in Turkey (ARIT) is a non-profit [&hellip;]<\/p>\n","protected":false},"author":3,"featured_media":0,"parent":0,"menu_order":0,"comment_status":"closed","ping_status":"closed","template":"","meta":{"om_disable_all_campaigns":false,"_monsterinsights_skip_tracking":false,"_monsterinsights_sitenote_active":false,"_monsterinsights_sitenote_note":"","_monsterinsights_sitenote_category":0,"footnotes":""},"class_list":["post-6494","page","type-page","status-publish","hentry"],"aioseo_notices":[],"_links":{"self":[{"href":"https:\/\/bibliopera.org\/en\/wp-json\/wp\/v2\/pages\/6494","targetHints":{"allow":["GET"]}}],"collection":[{"href":"https:\/\/bibliopera.org\/en\/wp-json\/wp\/v2\/pages"}],"about":[{"href":"https:\/\/bibliopera.org\/en\/wp-json\/wp\/v2\/types\/page"}],"author":[{"embeddable":true,"href":"https:\/\/bibliopera.org\/en\/wp-json\/wp\/v2\/users\/3"}],"replies":[{"embeddable":true,"href":"https:\/\/bibliopera.org\/en\/wp-json\/wp\/v2\/comments?post=6494"}],"version-history":[{"count":16,"href":"https:\/\/bibliopera.org\/en\/wp-json\/wp\/v2\/pages\/6494\/revisions"}],"predecessor-version":[{"id":8230,"href":"https:\/\/bibliopera.org\/en\/wp-json\/wp\/v2\/pages\/6494\/revisions\/8230"}],"wp:attachment":[{"href":"https:\/\/bibliopera.org\/en\/wp-json\/wp\/v2\/media?parent=6494"}],"curies":[{"name":"wp","href":"https:\/\/api.w.org\/{rel}","templated":true}]}}