{"id":6479,"date":"2024-08-14T13:02:38","date_gmt":"2024-08-14T13:02:38","guid":{"rendered":"https:\/\/bibliopera.test.ku.edu.tr\/ykk\/"},"modified":"2024-09-18T10:24:03","modified_gmt":"2024-09-18T10:24:03","slug":"ykk","status":"publish","type":"page","link":"https:\/\/bibliopera.org\/en\/ykk\/","title":{"rendered":"YKK"},"content":{"rendered":"\t\t<div data-elementor-type=\"wp-page\" data-elementor-id=\"6479\" class=\"elementor elementor-6479 elementor-5950\">\n\t\t\t\t<div class=\"elementor-element elementor-element-277f7256 e-flex e-con-boxed e-con e-parent\" data-id=\"277f7256\" data-element_type=\"container\">\n\t\t\t\t\t<div class=\"e-con-inner\">\n\t\t<div class=\"elementor-element elementor-element-1f075350 e-con-full e-flex e-con e-child\" data-id=\"1f075350\" data-element_type=\"container\">\n\t\t\t\t<div class=\"elementor-element elementor-element-ad2c03a elementor-widget elementor-widget-image\" data-id=\"ad2c03a\" data-element_type=\"widget\" data-widget_type=\"image.default\">\n\t\t\t\t<div class=\"elementor-widget-container\">\n\t\t\t\t\t\t\t\t\t\t\t\t\t\t\t<img fetchpriority=\"high\" decoding=\"async\" width=\"660\" height=\"439\" src=\"https:\/\/bibliopera.org\/wp-content\/uploads\/2024\/08\/YKK.jpg\" class=\"attachment-large size-large wp-image-5953\" alt=\"\" srcset=\"https:\/\/bibliopera.org\/wp-content\/uploads\/2024\/08\/YKK.jpg 700w, https:\/\/bibliopera.org\/wp-content\/uploads\/2024\/08\/YKK-300x200.jpg 300w\" sizes=\"(max-width: 660px) 100vw, 660px\" \/>\t\t\t\t\t\t\t\t\t\t\t\t\t\t\t<\/div>\n\t\t\t\t<\/div>\n\t\t\t\t<\/div>\n\t\t<div class=\"elementor-element elementor-element-941cc49 e-con-full e-flex e-con e-child\" data-id=\"941cc49\" data-element_type=\"container\">\n\t\t\t\t<div class=\"elementor-element elementor-element-40ba0f02 elementor-widget elementor-widget-heading\" data-id=\"40ba0f02\" data-element_type=\"widget\" data-widget_type=\"heading.default\">\n\t\t\t\t<div class=\"elementor-widget-container\">\n\t\t\t\t\t<h3 class=\"elementor-heading-title elementor-size-default\">Yap\u0131 Kredi Research Library<\/h3>\t\t\t\t<\/div>\n\t\t\t\t<\/div>\n\t\t\t\t<div class=\"elementor-element elementor-element-4f489a50 elementor-widget elementor-widget-text-editor\" data-id=\"4f489a50\" data-element_type=\"widget\" data-widget_type=\"text-editor.default\">\n\t\t\t\t<div class=\"elementor-widget-container\">\n\t\t\t\t\t\t\t\t\t<p>Yap\u0131 Kredi Research Library serves researchers mainly in the fields of history, literature, art and Istanbul with its collection of 1635 manuscripts and 1901 rare works collected in 1162 volumes, main library and YKY publications.<\/p>\n<p>Yap\u0131 Kredi Research Library comprises 1635 manuscripts in 1662 volumes, 1901 rare books, main collection and Yap\u0131 Kredi Publications; serving researchers mainly on the topics of history, literature, arts and Istanbul.<\/p>\n<p>The Library is part of Yap\u0131 and Kredi Bank Inc.\u2019s vision of serving culture and arts since its foundation in 1944. In 1945 the bank launched Do\u011fan Karde\u015f, a leading monthly for children; as such work continued, an in-house library began to form. In time, it grew with prominent collections purchased or donated, and Yap\u0131 Kredi Research Library was opened to researchers in \u00c7emberlita\u015f in 1972. It was moved to Galatasaray in 1992. <br \/>Within Yap\u0131 Kredi Cultural Activities, Art and Publishing Inc., the library functions to preserve and provide access to cultural heritage and sources for contemporary research.<\/p>\n\t\t\t\t\t\t\t\t<\/div>\n\t\t\t\t<\/div>\n\t\t\t\t<\/div>\n\t\t\t\t\t<\/div>\n\t\t\t\t<\/div>\n\t\t\t\t<\/div>\n\t\t","protected":false},"excerpt":{"rendered":"<p>Yap\u0131 Kredi Research Library Yap\u0131 Kredi Research Library serves researchers mainly in the fields of history, literature, art and Istanbul [&hellip;]<\/p>\n","protected":false},"author":3,"featured_media":0,"parent":0,"menu_order":0,"comment_status":"closed","ping_status":"closed","template":"","meta":{"om_disable_all_campaigns":false,"_monsterinsights_skip_tracking":false,"_monsterinsights_sitenote_active":false,"_monsterinsights_sitenote_note":"","_monsterinsights_sitenote_category":0,"footnotes":""},"class_list":["post-6479","page","type-page","status-publish","hentry"],"aioseo_notices":[],"_links":{"self":[{"href":"https:\/\/bibliopera.org\/en\/wp-json\/wp\/v2\/pages\/6479","targetHints":{"allow":["GET"]}}],"collection":[{"href":"https:\/\/bibliopera.org\/en\/wp-json\/wp\/v2\/pages"}],"about":[{"href":"https:\/\/bibliopera.org\/en\/wp-json\/wp\/v2\/types\/page"}],"author":[{"embeddable":true,"href":"https:\/\/bibliopera.org\/en\/wp-json\/wp\/v2\/users\/3"}],"replies":[{"embeddable":true,"href":"https:\/\/bibliopera.org\/en\/wp-json\/wp\/v2\/comments?post=6479"}],"version-history":[{"count":1,"href":"https:\/\/bibliopera.org\/en\/wp-json\/wp\/v2\/pages\/6479\/revisions"}],"predecessor-version":[{"id":6480,"href":"https:\/\/bibliopera.org\/en\/wp-json\/wp\/v2\/pages\/6479\/revisions\/6480"}],"wp:attachment":[{"href":"https:\/\/bibliopera.org\/en\/wp-json\/wp\/v2\/media?parent=6479"}],"curies":[{"name":"wp","href":"https:\/\/api.w.org\/{rel}","templated":true}]}}